{"id":13,"date":"2018-02-26T08:51:24","date_gmt":"2018-02-26T08:51:24","guid":{"rendered":"http:\/\/10.44.205.152\/free-1\/mesmerize\/"},"modified":"2024-12-30T10:03:28","modified_gmt":"2024-12-30T09:03:28","slug":"mesmerize","status":"publish","type":"page","link":"https:\/\/showdrones.fr\/","title":{"rendered":"Front Page"},"content":{"rendered":"<div  id=\"overlappable-4\" style=\"background-color: rgb(245, 250, 253); background-image: none;\" data-label=\"Overlappable\" data-id=\"overlappable-4\" data-export-id=\"overlappable-4\" data-category=\"overlappable\" class=\"overlappable-4 content-section content-section-spacing\" data-overlap=\"true\">\n    <div  class=\"gridContainer\">\n    <div  data-type=\"row\" class=\"row spaced-cols text-center\">\n    <div  class=\"col-xs-12 col-sm-4 col-padding\">\n    \n    <i  class=\"fa icon shadow-large-black aligncenter color1 fa-dropbox reverse round large\"> <\/i>\n    <div  data-type=\"column\" class=\"\">\n    <h5  class=\"\">DES FORMULES SUR-MESURE<\/h5>\n    <p  class=\"\">Nous adaptons notre prix \u00e0 votre demande pour cr\u00e9er un prix juste et adapt\u00e9 \u00e0 votre budget.<\/p>\n    \n    <\/div>\n    <\/div>\n    <div  class=\"col-xs-12 col-sm-4 col-padding\">\n    \n    <i  class=\"fa icon shadow-large-black aligncenter color1 fa-pied-piper-alt reverse round large\"> <\/i>\n    <div  data-type=\"column\" class=\"\">\n    <h5  class=\"\">DES CREATIONS ORIGINALES<\/h5>\n    <p  class=\"\">Nos infographistes oeuvres tous les jours pour cr\u00e9er de vos logos et vos design sur-mesure.<\/p>\n    \n    <\/div>\n    <\/div>\n    <div  class=\"col-xs-12 col-sm-4 col-padding\">\n    \n    <i  class=\"fa icon fa-magic large shadow-large-black round aligncenter reverse color1\"> <\/i>\n    <div  data-type=\"column\" class=\"\">\n    <h5  class=\"\">DE LA MAGIE DANS LE CIEL<\/h5>\n    <p  class=\"\">Chaque cr\u00e9ation est unique pour \u00e9blou\u00efr vos invit\u00e9s et offrir un \u00e9v\u00e8nement m\u00e9morable.<\/p>\n    \n    <\/div>\n    <\/div>\n    <\/div>\n    <\/div>\n    <\/div><div  data-label=\"Features\" data-id=\"features-13-card-bordered\" data-export-id=\"features-13-card-bordered\" data-category=\"features\" class=\"features-13 content-section content-section-spacing\" id=\"features-7\" style=\"background-color: #f5fafd;\">\n    <div  class=\"gridContainer\">\n    <div  class=\"row text-center\">\n    <div  class=\"section-title-col\" data-type=\"column\">\n    <h2  class=\"\">Les show de drones deviennent accessibles<\/h2>\n    <p  class=\"lead\">Offrez-vous un spectacle de drones lumineux dans le ciel adapt\u00e9 \u00e0 votre budget<\/p>\n    \n    <\/div>\n    <\/div>\n    <div  class=\"row spaced-cols content-center-sm\" data-type=\"row\">\n    <div  class=\"col-sm-4\">\n    <div  class=\"card bordered y-move\" data-type=\"column\">\n    \n    <i  class=\"fa icon color1 fa-codepen reverse round large\"> <\/i>\n    <h4  class=\"\">Des formes en 3 Dimensions<\/h4>\n    <p  class=\"\">Nous cr\u00e9ons des formes 3D qui flotteront et s\u2019animeront dans le ciel<\/p>\n    <a  class=\"button small y-move color2\" href=\"https:\/\/exceptiondrones.fr\" target=\"_self\" data-cp-link=\"1\" rel=\"noopener\"> En savoir plus <\/a>\n    \n    <\/div>\n    <\/div>\n    <div  class=\"col-sm-4\">\n    <div  class=\"card bordered y-move\" data-type=\"column\">\n    \n    <i  class=\"fa icon color1 fa-code reverse round large\"> <\/i>\n    <h4  class=\"\">Animations et int\u00e9ractions<\/h4>\n    <p  class=\"\">Nous animons les formes et les logos pour leur donner litt\u00e9ralement vie dans les airs.<\/p>\n    <a  class=\"button small y-move color2\" href=\"https:\/\/exceptiondrones.fr\" target=\"_self\" data-cp-link=\"1\" rel=\"noopener\"> En savoir plus <\/a>\n    \n    <\/div>\n    <\/div>\n    <div  class=\"col-sm-4\">\n    <div  class=\"card bordered y-move\" data-type=\"column\">\n    \n    <i  class=\"fa icon color1 fa-file-sound-o reverse round large\"> <\/i>\n    <h4  class=\"\">Une bande son originale<\/h4>\n    <p  class=\"\">Nous cr\u00e9ons une bande son sur-mesure et incluons la sonorisation.<\/p>\n    <a  class=\"button small y-move color2\" href=\"https:\/\/exceptiondrones.fr\" target=\"_self\" data-cp-link=\"1\" rel=\"noopener\"> En savoir plus <\/a>\n    \n    <\/div>\n    <\/div>\n    <\/div>\n    <\/div>\n    <\/div><div  data-label=\"About\" data-id=\"about-images-right-section\" data-export-id=\"about-images-right-section\" data-category=\"about\" class=\"about-images-right-section content-section content-section-spacing\" id=\"about-12\" style=\"background-color: rgb(245, 250, 253);\"> <div  class=\"gridContainer\"> <div  class=\"row middle-sm text-center\"> <div  class=\"col-sm-5 content-left-sm\" data-type=\"column\"> <h5  class=\"\">Mettez de la f\u00e9\u00e9rie dans votre vie\u2026<\/h5> <h2  class=\"\"> Embelissez vos&nbsp;<br ><span  style=\"font-family: Playfair Display, sans-serif; font-weight: 700; font-style: italic;\" href=\"#\">\u00e9v\u00e8nements<\/span><\/h2> <p  class=\"\"> Assurez l\u2019originalit\u00e9 et la surprise dans votre \u00e9v\u00e8nement en rajoutant une touche d\u2019originalit\u00e9s et de couleurs\u2026<\/p> <a  class=\"button color1\" href=\"https:\/\/exceptiondrones.fr\" target=\"_self\" data-cp-link=\"1\" rel=\"noopener\"> En savoir plus <\/a> <\/div> <div  class=\"col-sm-7\"> <div  class=\"image-group-side-3-img\"> <img  decoding=\"async\" class=\"topimg shadow-large\" src=\"http:\/\/showdrones.fr\/wp-content\/uploads\/2024\/11\/cropped-Eclairages.png\" title=\"cropped-Eclairages.png\" alt=\"Show drones fantaisie\"> <img  decoding=\"async\" class=\"rightimg shadow-large\" src=\"http:\/\/showdrones.fr\/wp-content\/uploads\/2024\/11\/cropped-Bateau-Couleur-Ciel-2.jpeg\" title=\"cropped-Bateau-Couleur-Ciel-2.jpeg\" alt=\"Bateau 3D ciel\"> <div  class=\"leftimg\"> <img  decoding=\"async\" class=\"shadow-large\" src=\"http:\/\/showdrones.fr\/wp-content\/uploads\/2024\/11\/cropped-Oiseau-Colore-1.jpeg\" title=\"cropped-Oiseau-Colore-1.jpeg\" alt=\"oiseau 3D Ciel\"> <\/div> <\/div> <\/div> <\/div> <\/div> <\/div><div  data-label=\"Cta\" data-id=\"cta-blue-section\" data-export-id=\"cta-blue-section\" data-category=\"cta\" class=\"cta-blue-section content-section content-section-spacing-medium bg-color1 white-text\" id=\"cta-1\">\n    <div  class=\"gridContainer\">\n    <div  class=\"row middle-xs\">\n    <div  class=\"col-sm-8 space-bottom-xs\" data-type=\"column\">\n    <h2  class=\"\">Travaillons ensemble\u2026<\/h2>\n    <\/div>\n    <div  class=\"col-sm-4 end-sm\" data-type=\"column\"><a  class=\"button color2\" href=\"https:\/\/exceptiondrones.fr\" target=\"_self\" data-cp-link=\"1\" rel=\"noopener\"> contactez nous facilement <\/a><\/div>\n    <\/div>\n    <\/div>\n    <\/div><div  data-label=\"Contact\" data-id=\"contact-1\" data-export-id=\"contact-1\" data-category=\"contact\" class=\"contact-1 content-section content-section-spacing white-text\" data-parallax-depth=\"20\" id=\"contact-1\" style=\"background-color: #ffffff; background-image: url('http:\/\/showdrones.fr\/wp-content\/uploads\/2018\/02\/contact-bg.jpg'); background-size: cover; background-position: center top;\">\n    <div  class=\"\">\n    <div  class=\"row text-center\">\n    <div  class=\"section-title-col\" data-type=\"column\">\n    <h2  class=\"\">Contactez-nous facilement<\/h2>\n    <p  class=\"lead\">Contactez-nous facilement par email ou par t\u00e9l\u00e9phone\u2026<\/p>\n    \n    <\/div>\n    <\/div>\n    <div  class=\"row text-center\">\n    <div  class=\"col-xs-12 col-sm-8 col-sm-offset-2 contact-form-wrapper inline-info\">\n    <div  class=\"card large-padding\">\n    <div  class=\"\" data-content-shortcode=\"mesmerize_contact_form shortcode=&quot;contact-form-7 id=&amp;amp;quot;4&amp;amp;quot; title=&amp;amp;quot;Contact form 1&amp;amp;quot;&quot;\" data-editable=\"true\">\n<div class=\"wpcf7 no-js\" id=\"wpcf7-f333-o1\" lang=\"en-US\" dir=\"ltr\" data-wpcf7-id=\"333\">\n<div class=\"screen-reader-response\"><p role=\"status\" aria-live=\"polite\" aria-atomic=\"true\"><\/p> <ul><\/ul><\/div>\n<form action=\"\/index.php\/wp-json\/wp\/v2\/pages\/13#wpcf7-f333-o1\" method=\"post\" class=\"wpcf7-form init\" aria-label=\"Contact form\" novalidate=\"novalidate\" data-status=\"init\">\n<fieldset class=\"hidden-fields-container\"><input type=\"hidden\" name=\"_wpcf7\" value=\"333\" \/><input type=\"hidden\" name=\"_wpcf7_version\" value=\"6.1.5\" \/><input type=\"hidden\" name=\"_wpcf7_locale\" value=\"en_US\" \/><input type=\"hidden\" name=\"_wpcf7_unit_tag\" value=\"wpcf7-f333-o1\" \/><input type=\"hidden\" name=\"_wpcf7_container_post\" value=\"0\" \/><input type=\"hidden\" name=\"_wpcf7_posted_data_hash\" value=\"\" \/>\n<\/fieldset>\n<p><label> Votre Nom & Pr\u00e9nom<br \/>\n<span class=\"wpcf7-form-control-wrap\" data-name=\"your-name\"><input size=\"40\" maxlength=\"400\" class=\"wpcf7-form-control wpcf7-text wpcf7-validates-as-required\" aria-required=\"true\" aria-invalid=\"false\" value=\"\" type=\"text\" name=\"your-name\" \/><\/span> <\/label>\n<\/p>\n<p><label> Votre email<br \/>\n<span class=\"wpcf7-form-control-wrap\" data-name=\"your-email\"><input size=\"40\" maxlength=\"400\" class=\"wpcf7-form-control wpcf7-email wpcf7-validates-as-required wpcf7-text wpcf7-validates-as-email\" aria-required=\"true\" aria-invalid=\"false\" value=\"\" type=\"email\" name=\"your-email\" \/><\/span> <\/label>\n<\/p>\n<p><label> Date souhait\u00e9e de l'\u00e9v\u00e8nement<br \/>\n<span class=\"wpcf7-form-control-wrap\" data-name=\"date-638\"><input class=\"wpcf7-form-control wpcf7-date wpcf7-validates-as-date\" aria-invalid=\"false\" value=\"\" type=\"date\" name=\"date-638\" \/><\/span> <\/label>\n<\/p>\n<p><label> Dites-nous en plus sur l'\u00e9v\u00e8nement<br \/>\n<span class=\"wpcf7-form-control-wrap\" data-name=\"your-message\"><textarea cols=\"40\" rows=\"10\" maxlength=\"2000\" class=\"wpcf7-form-control wpcf7-textarea\" aria-invalid=\"false\" name=\"your-message\"><\/textarea><\/span> <\/label>\n<\/p>\n<p><input class=\"wpcf7-form-control wpcf7-submit has-spinner\" type=\"submit\" value=\"Envoyer\" \/>\n<\/p><div class=\"wpcf7-response-output\" aria-hidden=\"true\"><\/div>\n<\/form>\n<\/div>\n<\/div>\n    <\/div>\n    <\/div>\n    <\/div>\n    <\/div>\n    <\/div>","protected":false},"excerpt":{"rendered":"<p>DES FORMULES SUR-MESURE Nous adaptons notre prix \u00e0 votre demande pour cr\u00e9er un prix juste et adapt\u00e9 \u00e0 votre budget. DES CREATIONS ORIGINALES Nos infographistes oeuvres tous les jours pour cr\u00e9er de vos logos et vos design sur-mesure. DE LA MAGIE DANS LE CIEL Chaque cr\u00e9ation est unique pour \u00e9blou\u00efr vos invit\u00e9s et offrir un&hellip; <br \/> <a class=\"read-more\" href=\"https:\/\/showdrones.fr\/\">Read more<\/a><\/p>\n","protected":false},"author":1,"featured_media":0,"parent":0,"menu_order":0,"comment_status":"closed","ping_status":"closed","template":"page-templates\/homepage.php","meta":{"footnotes":""},"class_list":["post-13","page","type-page","status-publish","hentry"],"_links":{"self":[{"href":"https:\/\/showdrones.fr\/index.php\/wp-json\/wp\/v2\/pages\/13","targetHints":{"allow":["GET"]}}],"collection":[{"href":"https:\/\/showdrones.fr\/index.php\/wp-json\/wp\/v2\/pages"}],"about":[{"href":"https:\/\/showdrones.fr\/index.php\/wp-json\/wp\/v2\/types\/page"}],"author":[{"embeddable":true,"href":"https:\/\/showdrones.fr\/index.php\/wp-json\/wp\/v2\/users\/1"}],"replies":[{"embeddable":true,"href":"https:\/\/showdrones.fr\/index.php\/wp-json\/wp\/v2\/comments?post=13"}],"version-history":[{"count":3,"href":"https:\/\/showdrones.fr\/index.php\/wp-json\/wp\/v2\/pages\/13\/revisions"}],"predecessor-version":[{"id":398,"href":"https:\/\/showdrones.fr\/index.php\/wp-json\/wp\/v2\/pages\/13\/revisions\/398"}],"wp:attachment":[{"href":"https:\/\/showdrones.fr\/index.php\/wp-json\/wp\/v2\/media?parent=13"}],"curies":[{"name":"wp","href":"https:\/\/api.w.org\/{rel}","templated":true}]}}